{"id":67,"date":"2023-11-29T18:48:02","date_gmt":"2023-11-29T18:48:02","guid":{"rendered":"https:\/\/astro.com.uy\/clases\/?post_type=product&#038;p=67"},"modified":"2026-02-10T18:19:22","modified_gmt":"2026-02-10T18:19:22","slug":"fundamentos-de-astrologia-judiciaria","status":"publish","type":"product","link":"https:\/\/astro.com.uy\/clases\/en\/product\/fundamentos-de-astrologia-judiciaria\/","title":{"rendered":"Fundamentos de Astrolog\u00eda Judiciaria"},"content":{"rendered":"<p>Fundamentos de Astrolog\u00eda Judiciaria<\/p>\n<p>Curso completo de 28 clases de una hora cada una en donde el estudiante adquiere todas las herramientas para interpretar de forma adecuada una carta natal bajo la l\u00ednea predictiva.<\/p>\n<p>La Astrolog\u00eda Judiciaria es una escuela de interpretaci\u00f3n basada en los sectores para la interpretaci\u00f3n de una carta natal lo que produce un conjunto de pron\u00f3sticos.<\/p>\n<p>Formato: Video<\/p>\n<p>Docente: Alvaro Artagaveytia Alonso<\/p>","protected":false},"excerpt":{"rendered":"<p>Curso completo de Fundamentos de Astrolog\u00eda Judiciaria<\/p>","protected":false},"featured_media":68,"template":"","meta":[],"product_cat":[20],"product_tag":[],"class_list":["post-67","product","type-product","status-publish","has-post-thumbnail","hentry","product_cat-cursos","thunk-woo-product-list","opn-qv-enable","big-store-woo-hover-","open-single-product-tab-horizontal","open-shadow-","open-shadow-hover-"],"_links":{"self":[{"href":"https:\/\/astro.com.uy\/clases\/en\/wp-json\/wp\/v2\/product\/67","targetHints":{"allow":["GET"]}}],"collection":[{"href":"https:\/\/astro.com.uy\/clases\/en\/wp-json\/wp\/v2\/product"}],"about":[{"href":"https:\/\/astro.com.uy\/clases\/en\/wp-json\/wp\/v2\/types\/product"}],"wp:featuredmedia":[{"embeddable":true,"href":"https:\/\/astro.com.uy\/clases\/en\/wp-json\/wp\/v2\/media\/68"}],"wp:attachment":[{"href":"https:\/\/astro.com.uy\/clases\/en\/wp-json\/wp\/v2\/media?parent=67"}],"wp:term":[{"taxonomy":"product_cat","embeddable":true,"href":"https:\/\/astro.com.uy\/clases\/en\/wp-json\/wp\/v2\/product_cat?post=67"},{"taxonomy":"product_tag","embeddable":true,"href":"https:\/\/astro.com.uy\/clases\/en\/wp-json\/wp\/v2\/product_tag?post=67"}],"curies":[{"name":"wp","href":"https:\/\/api.w.org\/{rel}","templated":true}]}}